{"id":803,"date":"2023-01-04T00:39:52","date_gmt":"2023-01-04T00:39:52","guid":{"rendered":"https:\/\/bahiaurbanapuertorico.com\/?page_id=803"},"modified":"2023-01-11T18:44:17","modified_gmt":"2023-01-11T18:44:17","slug":"register","status":"publish","type":"page","link":"https:\/\/bahiaurbanapuertorico.com\/es\/register\/","title":{"rendered":"Reg\u00edstrese en"},"content":{"rendered":"<div data-elementor-type=\"wp-page\" data-elementor-id=\"803\" class=\"elementor elementor-803\" data-elementor-post-type=\"page\">\n\t\t\t\t\t\t<section class=\"elementor-section elementor-top-section elementor-element elementor-element-36b3bcac elementor-section-boxed elementor-section-height-default elementor-section-height-default\" data-id=\"36b3bcac\" data-element_type=\"section\" data-settings=\"{&quot;background_background&quot;:&quot;classic&quot;}\">\n\t\t\t\t\t\t<div class=\"elementor-container elementor-column-gap-default\">\n\t\t\t\t\t<div class=\"elementor-column elementor-col-100 elementor-top-column elementor-element elementor-element-29aeddfa\" data-id=\"29aeddfa\" data-element_type=\"column\" data-settings=\"{&quot;background_background&quot;:&quot;classic&quot;}\">\n\t\t\t<div class=\"elementor-widget-wrap elementor-element-populated\">\n\t\t\t\t\t\t<section class=\"elementor-section elementor-inner-section elementor-element elementor-element-5c9aad8 elementor-section-boxed elementor-section-height-default elementor-section-height-default\" data-id=\"5c9aad8\" data-element_type=\"section\" data-settings=\"{&quot;background_background&quot;:&quot;classic&quot;}\">\n\t\t\t\t\t\t<div class=\"elementor-container elementor-column-gap-default\">\n\t\t\t\t\t<div class=\"elementor-column elementor-col-50 elementor-inner-column elementor-element elementor-element-b1ac656\" data-id=\"b1ac656\" data-element_type=\"column\" data-settings=\"{&quot;background_background&quot;:&quot;classic&quot;}\">\n\t\t\t<div class=\"elementor-widget-wrap elementor-element-populated\">\n\t\t\t\t\t\t<div class=\"elementor-element elementor-element-e8af034 elementor-widget elementor-widget-image\" data-id=\"e8af034\" data-element_type=\"widget\" data-widget_type=\"image.default\">\n\t\t\t\t<div class=\"elementor-widget-container\">\n\t\t\t\t\t\t\t\t\t\t\t\t\t\t\t<img fetchpriority=\"high\" decoding=\"async\" width=\"678\" height=\"122\" src=\"https:\/\/bahiaurbanapuertorico.com\/wp-content\/uploads\/2023\/01\/bahi-urbana-register.png\" class=\"attachment-large size-large wp-image-929\" alt=\"Bah\u00eda Urbana Puerto Rico Register\" srcset=\"https:\/\/bahiaurbanapuertorico.com\/wp-content\/uploads\/2023\/01\/bahi-urbana-register.png 678w, https:\/\/bahiaurbanapuertorico.com\/wp-content\/uploads\/2023\/01\/bahi-urbana-register-300x54.png 300w, https:\/\/bahiaurbanapuertorico.com\/wp-content\/uploads\/2023\/01\/bahi-urbana-register-18x3.png 18w\" sizes=\"(max-width: 678px) 100vw, 678px\" \/>\t\t\t\t\t\t\t\t\t\t\t\t\t\t\t<\/div>\n\t\t\t\t<\/div>\n\t\t\t\t\t<\/div>\n\t\t<\/div>\n\t\t\t\t<div class=\"elementor-column elementor-col-50 elementor-inner-column elementor-element elementor-element-925d0c2\" data-id=\"925d0c2\" data-element_type=\"column\" data-settings=\"{&quot;background_background&quot;:&quot;classic&quot;}\">\n\t\t\t<div class=\"elementor-widget-wrap elementor-element-populated\">\n\t\t\t\t\t\t<div class=\"elementor-element elementor-element-f6bc6e5 elementor-widget__width-auto elementor-widget elementor-widget-wp-widget-nav_menu\" data-id=\"f6bc6e5\" data-element_type=\"widget\" data-widget_type=\"wp-widget-nav_menu.default\">\n\t\t\t\t<div class=\"elementor-widget-container\">\n\t\t\t\t\t<nav class=\"menu-language-switcher-container\" aria-label=\"Men\u00fa\"><ul id=\"menu-language-switcher\" class=\"menu\"><li id=\"menu-item-394\" class=\"trp-language-switcher-container menu-item menu-item-type-post_type menu-item-object-language_switcher current-language-menu-item menu-item-394\"><a href=\"https:\/\/bahiaurbanapuertorico.com\/es\/wp-json\/wp\/v2\/pages\/803\"><span data-no-translation><span class=\"trp-ls-language-name\">EN<\/span><\/span><\/a><\/li>\n<li id=\"menu-item-393\" class=\"trp-language-switcher-container menu-item menu-item-type-post_type menu-item-object-language_switcher current-language-menu-item menu-item-393\"><a href=\"https:\/\/bahiaurbanapuertorico.com\/es\/wp-json\/wp\/v2\/pages\/803\"><span data-no-translation><span class=\"trp-ls-language-name\">ES<\/span><\/span><\/a><\/li>\n<\/ul><\/nav>\t\t\t\t<\/div>\n\t\t\t\t<\/div>\n\t\t\t\t\t<\/div>\n\t\t<\/div>\n\t\t\t\t\t<\/div>\n\t\t<\/section>\n\t\t\t\t\t<\/div>\n\t\t<\/div>\n\t\t\t\t\t<\/div>\n\t\t<\/section>\n\t\t\t\t<section class=\"elementor-section elementor-top-section elementor-element elementor-element-747d9278 elementor-section-height-min-height elementor-section-items-bottom elementor-section-boxed elementor-section-height-default\" data-id=\"747d9278\" data-element_type=\"section\" data-settings=\"{&quot;background_background&quot;:&quot;classic&quot;}\">\n\t\t\t\t\t\t\t<div class=\"elementor-background-overlay\"><\/div>\n\t\t\t\t\t\t\t<div class=\"elementor-container elementor-column-gap-no\">\n\t\t\t\t\t<div class=\"elementor-column elementor-col-100 elementor-top-column elementor-element elementor-element-4e90a40f\" data-id=\"4e90a40f\" data-element_type=\"column\">\n\t\t\t<div class=\"elementor-widget-wrap elementor-element-populated\">\n\t\t\t\t\t\t<div class=\"elementor-element elementor-element-1522bf10 elementor-widget elementor-widget-heading\" data-id=\"1522bf10\" data-element_type=\"widget\" data-widget_type=\"heading.default\">\n\t\t\t\t<div class=\"elementor-widget-container\">\n\t\t\t\t\t<h1 class=\"elementor-heading-title elementor-size-default\">El nuevo <br \/>Bah\u00eda Urbana<\/h1>\t\t\t\t<\/div>\n\t\t\t\t<\/div>\n\t\t\t\t\t<\/div>\n\t\t<\/div>\n\t\t\t\t\t<\/div>\n\t\t<\/section>\n\t\t\t\t<section class=\"elementor-section elementor-top-section elementor-element elementor-element-3c1aa7f1 elementor-section-height-min-height elementor-section-boxed elementor-section-height-default elementor-section-items-middle\" data-id=\"3c1aa7f1\" data-element_type=\"section\" data-settings=\"{&quot;background_background&quot;:&quot;classic&quot;}\">\n\t\t\t\t\t\t<div class=\"elementor-container elementor-column-gap-no\">\n\t\t\t\t\t<div class=\"elementor-column elementor-col-100 elementor-top-column elementor-element elementor-element-3cba7f30\" data-id=\"3cba7f30\" data-element_type=\"column\" data-settings=\"{&quot;background_background&quot;:&quot;classic&quot;}\">\n\t\t\t<div class=\"elementor-widget-wrap elementor-element-populated\">\n\t\t\t\t\t\t<div class=\"elementor-element elementor-element-49eaf405 elementor-widget elementor-widget-heading\" data-id=\"49eaf405\" data-element_type=\"widget\" data-widget_type=\"heading.default\">\n\t\t\t\t<div class=\"elementor-widget-container\">\n\t\t\t\t\t<h2 class=\"elementor-heading-title elementor-size-default\">Reg\u00edstrate para que recibas tu invitaci\u00f3n a la apertura de la nueva Bah\u00eda Urbana.<\/h2>\t\t\t\t<\/div>\n\t\t\t\t<\/div>\n\t\t\t\t<div class=\"elementor-element elementor-element-ad6d461 elementor-button-align-start elementor-widget elementor-widget-form\" data-id=\"ad6d461\" data-element_type=\"widget\" data-settings=\"{&quot;step_next_label&quot;:&quot;Next&quot;,&quot;step_previous_label&quot;:&quot;Previous&quot;,&quot;button_width&quot;:&quot;100&quot;,&quot;step_type&quot;:&quot;number_text&quot;,&quot;step_icon_shape&quot;:&quot;circle&quot;}\" data-widget_type=\"form.default\">\n\t\t\t\t<div class=\"elementor-widget-container\">\n\t\t\t\t\t\t\t<form class=\"elementor-form\" method=\"post\" name=\"Register\" aria-label=\"Reg\u00edstrese en\" action=\"\">\n\t\t\t<input type=\"hidden\" name=\"post_id\" value=\"803\"\/>\n\t\t\t<input type=\"hidden\" name=\"form_id\" value=\"ad6d461\"\/>\n\t\t\t<input type=\"hidden\" name=\"referer_title\" value=\"Register\" \/>\n\n\t\t\t\t\t\t\t<input type=\"hidden\" name=\"queried_id\" value=\"803\"\/>\n\t\t\t\n\t\t\t<div class=\"elementor-form-fields-wrapper elementor-labels-\">\n\t\t\t\t\t\t\t\t<div class=\"elementor-field-type-text elementor-field-group elementor-column elementor-field-group-name elementor-col-100 elementor-field-required\">\n\t\t\t\t\t\t\t\t\t\t\t\t<label for=\"form-field-name\" class=\"elementor-field-label elementor-screen-only\">\n\t\t\t\t\t\t\t\tNombre\t\t\t\t\t\t\t<\/label>\n\t\t\t\t\t\t\t\t\t\t\t\t\t\t<input size=\"1\" type=\"text\" name=\"form_fields[name]\" id=\"form-field-name\" class=\"elementor-field elementor-size-sm  elementor-field-textual\" placeholder=\"Nombre\" required=\"required\">\n\t\t\t\t\t\t\t\t\t\t\t<\/div>\n\t\t\t\t\t\t\t\t<div class=\"elementor-field-type-email elementor-field-group elementor-column elementor-field-group-email elementor-col-100 elementor-field-required\">\n\t\t\t\t\t\t\t\t\t\t\t\t<label for=\"form-field-email\" class=\"elementor-field-label elementor-screen-only\">\n\t\t\t\t\t\t\t\tCorreo electr\u00f3nico\t\t\t\t\t\t\t<\/label>\n\t\t\t\t\t\t\t\t\t\t\t\t\t\t<input size=\"1\" type=\"email\" name=\"form_fields[email]\" id=\"form-field-email\" class=\"elementor-field elementor-size-sm  elementor-field-textual\" placeholder=\"Correo electr\u00f3nico\" required=\"required\">\n\t\t\t\t\t\t\t\t\t\t\t<\/div>\n\t\t\t\t\t\t\t\t<div class=\"elementor-field-type-select elementor-field-group elementor-column elementor-field-group-field_d371485 elementor-col-100\">\n\t\t\t\t\t\t\t\t\t\t\t\t<label for=\"form-field-field_d371485\" class=\"elementor-field-label elementor-screen-only\">\n\t\t\t\t\t\t\t\tMe gusta...\t\t\t\t\t\t\t<\/label>\n\t\t\t\t\t\t\t\t<div class=\"elementor-field elementor-select-wrapper remove-before\">\n\t\t\t<div class=\"select-caret-down-wrapper\">\n\t\t\t\t<i aria-hidden=\"true\" class=\"eicon-caret-down\"><\/i>\t\t\t<\/div>\n\t\t\t<select name=\"form_fields[field_d371485]\" id=\"form-field-field_d371485\" class=\"elementor-field-textual elementor-size-sm\">\n\t\t\t\t\t\t\t\t\t<option value=\"I like...\">Me gusta...<\/option>\n\t\t\t\t\t\t\t\t\t<option value=\"Music\">M\u00fasica<\/option>\n\t\t\t\t\t\t\t\t\t<option value=\"Food\">Comida<\/option>\n\t\t\t\t\t\t\t\t\t<option value=\"Sightseeing\">Pasear<\/option>\n\t\t\t\t\t\t\t\t\t<option value=\"Nightlife\">Espect\u00e1culos nocturnos<\/option>\n\t\t\t\t\t\t\t\t\t<option value=\"Family activities\">Actividades familiares<\/option>\n\t\t\t\t\t\t\t\t\t<option value=\"Adventures\">Aventuras<\/option>\n\t\t\t\t\t\t\t\t\t<option value=\"Experiences\">Experiencias<\/option>\n\t\t\t\t\t\t\t<\/select>\n\t\t<\/div>\n\t\t\t\t\t\t<\/div>\n\t\t\t\t\t\t\t\t<div class=\"elementor-field-group elementor-column elementor-field-type-submit elementor-col-100 e-form__buttons\">\n\t\t\t\t\t<button class=\"elementor-button elementor-size-sm\" type=\"submit\">\n\t\t\t\t\t\t<span class=\"elementor-button-content-wrapper\">\n\t\t\t\t\t\t\t\t\t\t\t\t\t\t\t\t\t\t\t\t\t\t<span class=\"elementor-button-text\">Enviar<\/span>\n\t\t\t\t\t\t\t\t\t\t\t\t\t<\/span>\n\t\t\t\t\t<\/button>\n\t\t\t\t<\/div>\n\t\t\t<\/div>\n\t\t<input type=\"hidden\" name=\"trp-form-language\" value=\"es\"\/><\/form>\n\t\t\t\t\t\t<\/div>\n\t\t\t\t<\/div>\n\t\t\t\t\t<\/div>\n\t\t<\/div>\n\t\t\t\t\t<\/div>\n\t\t<\/section>\n\t\t\t\t<section class=\"elementor-section elementor-top-section elementor-element elementor-element-41244560 elementor-section-height-min-height elementor-section-boxed elementor-section-height-default elementor-section-items-middle\" data-id=\"41244560\" data-element_type=\"section\" data-settings=\"{&quot;background_background&quot;:&quot;classic&quot;}\">\n\t\t\t\t\t\t<div class=\"elementor-container elementor-column-gap-no\">\n\t\t\t\t\t<div class=\"elementor-column elementor-col-100 elementor-top-column elementor-element elementor-element-4028acd1\" data-id=\"4028acd1\" data-element_type=\"column\">\n\t\t\t<div class=\"elementor-widget-wrap\">\n\t\t\t\t\t\t\t<\/div>\n\t\t<\/div>\n\t\t\t\t\t<\/div>\n\t\t<\/section>\n\t\t\t\t<section class=\"elementor-section elementor-top-section elementor-element elementor-element-58cb42e0 elementor-section-full_width elementor-section-height-min-height elementor-section-height-default elementor-section-items-middle\" data-id=\"58cb42e0\" data-element_type=\"section\" data-settings=\"{&quot;background_background&quot;:&quot;classic&quot;}\">\n\t\t\t\t\t\t<div class=\"elementor-container elementor-column-gap-no\">\n\t\t\t\t\t<div class=\"elementor-column elementor-col-100 elementor-top-column elementor-element elementor-element-5d89f8e9\" data-id=\"5d89f8e9\" data-element_type=\"column\" data-settings=\"{&quot;background_background&quot;:&quot;classic&quot;}\">\n\t\t\t<div class=\"elementor-widget-wrap elementor-element-populated\">\n\t\t\t\t\t\t<section class=\"elementor-section elementor-inner-section elementor-element elementor-element-829079e elementor-section-boxed elementor-section-height-default elementor-section-height-default\" data-id=\"829079e\" data-element_type=\"section\">\n\t\t\t\t\t\t<div class=\"elementor-container elementor-column-gap-default\">\n\t\t\t\t\t<div class=\"elementor-column elementor-col-50 elementor-inner-column elementor-element elementor-element-7f9ed3d\" data-id=\"7f9ed3d\" data-element_type=\"column\">\n\t\t\t<div class=\"elementor-widget-wrap elementor-element-populated\">\n\t\t\t\t\t\t<div class=\"elementor-element elementor-element-fc3b5f7 elementor-icon-list--layout-traditional elementor-list-item-link-full_width elementor-widget elementor-widget-icon-list\" data-id=\"fc3b5f7\" data-element_type=\"widget\" data-widget_type=\"icon-list.default\">\n\t\t\t\t<div class=\"elementor-widget-container\">\n\t\t\t\t\t\t\t<ul class=\"elementor-icon-list-items\">\n\t\t\t\t\t\t\t<li class=\"elementor-icon-list-item\">\n\t\t\t\t\t\t\t\t\t\t\t<span class=\"elementor-icon-list-icon\">\n\t\t\t\t\t\t\t<svg xmlns=\"http:\/\/www.w3.org\/2000\/svg\" xmlns:xlink=\"http:\/\/www.w3.org\/1999\/xlink\" id=\"Layer_1\" x=\"0px\" y=\"0px\" viewbox=\"0 0 322 322\" style=\"enable-background:new 0 0 322 322;\" xml:space=\"preserve\"><style type=\"text\/css\">\t.st0{fill:#01BBEE;}<\/style><g id=\"XMLID_7_\">\t<path id=\"XMLID_8_\" class=\"st0\" d=\"M275.4,135.1c0.4-45.4-38.3-87-86.2-92.8c-1-0.1-2-0.3-3.1-0.5c-2.4-0.4-4.8-0.8-7.3-0.8   c-9.8,0-12.4,6.9-13.1,11c-0.7,4,0,7.4,1.9,10c3.3,4.4,9,5.2,13.6,5.8c1.3,0.2,2.6,0.4,3.7,0.6c43,9.6,57.5,24.7,64.6,67.4   c0.2,1,0.3,2.3,0.3,3.7c0.3,5.1,1,15.7,12.4,15.7l0,0c1,0,2-0.1,3-0.2c10.6-1.6,10.3-11.3,10.1-16c0-1.3-0.1-2.6,0-3.4   C275.4,135.5,275.4,135.3,275.4,135.1z\"><\/path>\t<path id=\"XMLID_9_\" class=\"st0\" d=\"M176.1,25.7c1.3,0.1,2.5,0.2,3.5,0.3c70.7,10.9,103.2,44.4,112.2,115.6c0.2,1.2,0.2,2.7,0.2,4.3   c0.1,5.6,0.3,17.1,12.7,17.4h0.4c3.9,0,7-1.2,9.2-3.5c3.9-4,3.6-10.1,3.4-14.9c-0.1-1.2-0.1-2.3-0.1-3.3   c0.9-72.9-62.2-138.9-135-141.4c-0.3,0-0.6,0-0.9,0c-0.1,0-0.4,0-0.9,0c-0.7,0-1.6-0.1-2.6-0.1c-1.1-0.1-2.4-0.2-3.8-0.2   c-11.6,0-13.8,8.2-14.1,13.2C159.8,24.5,170.8,25.3,176.1,25.7z\"><\/path>\t<path id=\"XMLID_10_\" class=\"st0\" d=\"M288.4,233.7c-1.5-1.1-3.1-2.3-4.5-3.5c-7.7-6.2-15.9-11.9-23.9-17.5c-1.6-1.1-3.3-2.3-4.9-3.4   c-10.2-7.1-19.3-10.6-28-10.6c-11.6,0-21.8,6.4-30.2,19.1c-3.7,5.6-8.2,8.4-13.8,8.4c-3.3,0-7-0.9-11.1-2.8   c-32.8-14.9-56.3-37.7-69.7-67.9c-6.5-14.6-4.4-24.1,7-31.8c6.5-4.4,18.5-12.6,17.7-28.3C126,77.6,86.8,24.1,70.2,18   c-7-2.6-14.4-2.6-21.9-0.1c-19,6.4-32.7,17.6-39.5,32.5c-6.4,14.3-6.1,31.2,1,48.7c20.6,50.7,49.7,94.8,86.2,131.3   c35.8,35.7,79.8,64.9,130.8,86.9c4.6,2,9.4,3.1,12.9,3.8c1.2,0.3,2.2,0.5,3,0.7c0.4,0.1,0.8,0.2,1.3,0.2h0.4l0,0   c24,0,52.8-21.9,61.6-46.9C313.9,253.2,299.7,242.4,288.4,233.7z\"><\/path>\t<path id=\"XMLID_11_\" class=\"st0\" d=\"M186.7,83.6c-4.1,0.1-12.7,0.3-15.7,9c-1.4,4.1-1.2,7.6,0.5,10.5c2.5,4.3,7.4,5.6,11.9,6.3   c16.1,2.6,24.4,11.5,26,28c0.8,7.7,6,13.1,12.6,13.1l0,0c0.5,0,1,0,1.5-0.1c8-1,11.9-6.8,11.5-17.5c0.1-11.1-5.7-23.7-15.6-33.8   C209.5,89,197.6,83.3,186.7,83.6z\"><\/path><\/g><\/svg>\t\t\t\t\t\t<\/span>\n\t\t\t\t\t\t\t\t\t\t<span class=\"elementor-icon-list-text\">787-771-2222<\/span>\n\t\t\t\t\t\t\t\t\t<\/li>\n\t\t\t\t\t\t\t\t<li class=\"elementor-icon-list-item\">\n\t\t\t\t\t\t\t\t\t\t\t<a href=\"mailto:info@lasbrisasproperty.com\">\n\n\t\t\t\t\t\t\t\t\t\t\t\t<span class=\"elementor-icon-list-icon\">\n\t\t\t\t\t\t\t<i aria-hidden=\"true\" class=\"far fa-envelope\"><\/i>\t\t\t\t\t\t<\/span>\n\t\t\t\t\t\t\t\t\t\t<span class=\"elementor-icon-list-text\">info@lasbrisasproperty.com<\/span>\n\t\t\t\t\t\t\t\t\t\t\t<\/a>\n\t\t\t\t\t\t\t\t\t<\/li>\n\t\t\t\t\t\t\t\t<li class=\"elementor-icon-list-item\">\n\t\t\t\t\t\t\t\t\t\t\t<a href=\"http:\/\/lasbrisasproperty.com\" target=\"_blank\">\n\n\t\t\t\t\t\t\t\t\t\t\t\t<span class=\"elementor-icon-list-icon\">\n\t\t\t\t\t\t\t<i aria-hidden=\"true\" class=\"fas fa-globe\"><\/i>\t\t\t\t\t\t<\/span>\n\t\t\t\t\t\t\t\t\t\t<span class=\"elementor-icon-list-text\">lasbrisaspropiedad.com<\/span>\n\t\t\t\t\t\t\t\t\t\t\t<\/a>\n\t\t\t\t\t\t\t\t\t<\/li>\n\t\t\t\t\t\t<\/ul>\n\t\t\t\t\t\t<\/div>\n\t\t\t\t<\/div>\n\t\t\t\t\t<\/div>\n\t\t<\/div>\n\t\t\t\t<div class=\"elementor-column elementor-col-50 elementor-inner-column elementor-element elementor-element-695d125\" data-id=\"695d125\" data-element_type=\"column\">\n\t\t\t<div class=\"elementor-widget-wrap elementor-element-populated\">\n\t\t\t\t\t\t<div class=\"elementor-element elementor-element-6453679 elementor-widget elementor-widget-image\" data-id=\"6453679\" data-element_type=\"widget\" data-widget_type=\"image.default\">\n\t\t\t\t<div class=\"elementor-widget-container\">\n\t\t\t\t\t\t\t\t\t\t\t\t\t\t\t<img decoding=\"async\" width=\"789\" height=\"245\" src=\"https:\/\/bahiaurbanapuertorico.com\/wp-content\/uploads\/2021\/11\/Screen-Shot-2021-11-05-at-10.43.11-AM.png\" class=\"attachment-large size-large wp-image-174\" alt=\"\" srcset=\"https:\/\/bahiaurbanapuertorico.com\/wp-content\/uploads\/2021\/11\/Screen-Shot-2021-11-05-at-10.43.11-AM.png 789w, https:\/\/bahiaurbanapuertorico.com\/wp-content\/uploads\/2021\/11\/Screen-Shot-2021-11-05-at-10.43.11-AM-300x93.png 300w, https:\/\/bahiaurbanapuertorico.com\/wp-content\/uploads\/2021\/11\/Screen-Shot-2021-11-05-at-10.43.11-AM-768x238.png 768w\" sizes=\"(max-width: 789px) 100vw, 789px\" \/>\t\t\t\t\t\t\t\t\t\t\t\t\t\t\t<\/div>\n\t\t\t\t<\/div>\n\t\t\t\t\t<\/div>\n\t\t<\/div>\n\t\t\t\t\t<\/div>\n\t\t<\/section>\n\t\t\t\t<div class=\"elementor-element elementor-element-131e9c0 elementor-widget elementor-widget-heading\" data-id=\"131e9c0\" data-element_type=\"widget\" data-widget_type=\"heading.default\">\n\t\t\t\t<div class=\"elementor-widget-container\">\n\t\t\t\t\t<div class=\"elementor-heading-title elementor-size-default\">Las Brisas Property Management Copyright \u00a9<\/div>\t\t\t\t<\/div>\n\t\t\t\t<\/div>\n\t\t\t\t<div class=\"elementor-element elementor-element-87ff5a1 elementor-widget elementor-widget-spacer\" data-id=\"87ff5a1\" data-element_type=\"widget\" data-widget_type=\"spacer.default\">\n\t\t\t\t<div class=\"elementor-widget-container\">\n\t\t\t\t\t\t\t<div class=\"elementor-spacer\">\n\t\t\t<div class=\"elementor-spacer-inner\"><\/div>\n\t\t<\/div>\n\t\t\t\t\t\t<\/div>\n\t\t\t\t<\/div>\n\t\t\t\t\t<\/div>\n\t\t<\/div>\n\t\t\t\t\t<\/div>\n\t\t<\/section>\n\t\t\t\t<\/div>","protected":false},"excerpt":{"rendered":"<p>The new Bah\u00eda Urbana Register here in order to receive an invitation to Bah\u00eda Urbana\u2019s grand opening. 787-771-2222 info@lasbrisasproperty.com lasbrisasproperty.com Las Brisas Property Management Copyright \u00a9<\/p>","protected":false},"author":1,"featured_media":0,"parent":0,"menu_order":0,"comment_status":"closed","ping_status":"closed","template":"elementor_canvas","meta":{"footnotes":""},"class_list":["post-803","page","type-page","status-publish","hentry"],"_links":{"self":[{"href":"https:\/\/bahiaurbanapuertorico.com\/es\/wp-json\/wp\/v2\/pages\/803","targetHints":{"allow":["GET"]}}],"collection":[{"href":"https:\/\/bahiaurbanapuertorico.com\/es\/wp-json\/wp\/v2\/pages"}],"about":[{"href":"https:\/\/bahiaurbanapuertorico.com\/es\/wp-json\/wp\/v2\/types\/page"}],"author":[{"embeddable":true,"href":"https:\/\/bahiaurbanapuertorico.com\/es\/wp-json\/wp\/v2\/users\/1"}],"replies":[{"embeddable":true,"href":"https:\/\/bahiaurbanapuertorico.com\/es\/wp-json\/wp\/v2\/comments?post=803"}],"version-history":[{"count":224,"href":"https:\/\/bahiaurbanapuertorico.com\/es\/wp-json\/wp\/v2\/pages\/803\/revisions"}],"predecessor-version":[{"id":1104,"href":"https:\/\/bahiaurbanapuertorico.com\/es\/wp-json\/wp\/v2\/pages\/803\/revisions\/1104"}],"wp:attachment":[{"href":"https:\/\/bahiaurbanapuertorico.com\/es\/wp-json\/wp\/v2\/media?parent=803"}],"curies":[{"name":"wp","href":"https:\/\/api.w.org\/{rel}","templated":true}]}}