{"id":1800,"date":"2024-10-20T19:21:34","date_gmt":"2024-10-20T23:21:34","guid":{"rendered":"https:\/\/bahiaurbanapuertorico.com\/?page_id=1800"},"modified":"2024-10-21T22:26:59","modified_gmt":"2024-10-22T02:26:59","slug":"privacy-policy","status":"publish","type":"page","link":"https:\/\/bahiaurbanapuertorico.com\/es\/privacy-policy\/","title":{"rendered":"Pol\u00edtica de Privacidad"},"content":{"rendered":"<div data-elementor-type=\"wp-page\" data-elementor-id=\"1800\" class=\"elementor elementor-1800\" data-elementor-post-type=\"page\">\n\t\t\t\t\t\t<section class=\"elementor-section elementor-top-section elementor-element elementor-element-3c1aa7f1 elementor-section-height-min-height elementor-section-boxed elementor-section-height-default elementor-section-items-middle\" data-id=\"3c1aa7f1\" data-element_type=\"section\" data-settings=\"{&quot;background_background&quot;:&quot;classic&quot;}\">\n\t\t\t\t\t\t\t<div class=\"elementor-background-overlay\"><\/div>\n\t\t\t\t\t\t\t<div class=\"elementor-container elementor-column-gap-no\">\n\t\t\t\t\t<div class=\"elementor-column elementor-col-33 elementor-top-column elementor-element elementor-element-3cba7f30\" data-id=\"3cba7f30\" data-element_type=\"column\">\n\t\t\t<div class=\"elementor-widget-wrap elementor-element-populated\">\n\t\t\t\t\t\t<div class=\"elementor-element elementor-element-a2aaa1d elementor-icon-list--layout-traditional elementor-list-item-link-full_width elementor-widget elementor-widget-icon-list\" data-id=\"a2aaa1d\" data-element_type=\"widget\" data-widget_type=\"icon-list.default\">\n\t\t\t\t<div class=\"elementor-widget-container\">\n\t\t\t\t\t\t\t<ul class=\"elementor-icon-list-items\">\n\t\t\t\t\t\t\t<li class=\"elementor-icon-list-item\">\n\t\t\t\t\t\t\t\t\t\t\t<a href=\"https:\/\/bahiaurbanapuertorico.com\/es\/home\/\">\n\n\t\t\t\t\t\t\t\t\t\t\t\t<span class=\"elementor-icon-list-icon\">\n\t\t\t\t\t\t\t<i aria-hidden=\"true\" class=\"fas fa-chevron-left\"><\/i>\t\t\t\t\t\t<\/span>\n\t\t\t\t\t\t\t\t\t\t<span class=\"elementor-icon-list-text\">Regresar<\/span>\n\t\t\t\t\t\t\t\t\t\t\t<\/a>\n\t\t\t\t\t\t\t\t\t<\/li>\n\t\t\t\t\t\t<\/ul>\n\t\t\t\t\t\t<\/div>\n\t\t\t\t<\/div>\n\t\t\t\t\t<\/div>\n\t\t<\/div>\n\t\t\t\t<div class=\"elementor-column elementor-col-33 elementor-top-column elementor-element elementor-element-dbbefae\" data-id=\"dbbefae\" data-element_type=\"column\">\n\t\t\t<div class=\"elementor-widget-wrap elementor-element-populated\">\n\t\t\t\t\t\t<div class=\"elementor-element elementor-element-49eaf405 elementor-widget elementor-widget-heading\" data-id=\"49eaf405\" data-element_type=\"widget\" data-widget_type=\"heading.default\">\n\t\t\t\t<div class=\"elementor-widget-container\">\n\t\t\t\t\t<h1 class=\"elementor-heading-title elementor-size-default\">Pol\u00edtica de Privacidad<\/h1>\t\t\t\t<\/div>\n\t\t\t\t<\/div>\n\t\t\t\t\t<\/div>\n\t\t<\/div>\n\t\t\t\t<div class=\"elementor-column elementor-col-33 elementor-top-column elementor-element elementor-element-9eb1c38\" data-id=\"9eb1c38\" data-element_type=\"column\">\n\t\t\t<div class=\"elementor-widget-wrap\">\n\t\t\t\t\t\t\t<\/div>\n\t\t<\/div>\n\t\t\t\t\t<\/div>\n\t\t<\/section>\n\t\t\t\t<section class=\"elementor-section elementor-top-section elementor-element elementor-element-f9c195f elementor-section-height-min-height elementor-section-items-top elementor-section-boxed elementor-section-height-default\" data-id=\"f9c195f\" data-element_type=\"section\" data-settings=\"{&quot;background_background&quot;:&quot;gradient&quot;}\">\n\t\t\t\t\t\t\t<div class=\"elementor-background-overlay\"><\/div>\n\t\t\t\t\t\t\t<div class=\"elementor-container elementor-column-gap-no\">\n\t\t\t\t\t<div class=\"elementor-column elementor-col-100 elementor-top-column elementor-element elementor-element-2906abc\" data-id=\"2906abc\" data-element_type=\"column\" data-settings=\"{&quot;background_background&quot;:&quot;classic&quot;}\">\n\t\t\t<div class=\"elementor-widget-wrap elementor-element-populated\">\n\t\t\t\t\t\t<div class=\"elementor-element elementor-element-9e3c6e9 elementor-widget elementor-widget-text-editor\" data-id=\"9e3c6e9\" data-element_type=\"widget\" data-widget_type=\"text-editor.default\">\n\t\t\t\t<div class=\"elementor-widget-container\">\n\t\t\t\t\t\t\t\t\t<ol><li><h2>Introducci\u00f3n<br \/><span style=\"font-weight: 400; font-size: 16px;\">Tu privacidad es importante para nosotros. Esta pol\u00edtica explica c\u00f3mo recopilamos, usamos y protegemos tu informaci\u00f3n personal cuando visitas nuestro sitio web.<\/span><\/h2><\/li><\/ol><ol start=\"2\"><li><h2>Informaci\u00f3n que recopilamos<br \/><span style=\"font-weight: 400; font-size: 16px;\">Recopilamos informaci\u00f3n personal que nos proporcionas al registrarte, suscribirte a nuestro bolet\u00edn o interactuar con nuestro sitio web. Esto puede incluir tu nombre, direcci\u00f3n de correo electr\u00f3nico y otra informaci\u00f3n de contacto.<\/span><\/h2><\/li><\/ol><ol start=\"3\"><li><h2>Uso de la informaci\u00f3n<br \/><span style=\"font-weight: 400; font-size: 16px;\">Utilizamos tu informaci\u00f3n para:<\/span><\/h2><\/li><\/ol><ul><li style=\"list-style-type: none;\"><ul><li style=\"font-weight: 400;\" aria-level=\"1\"><span style=\"font-weight: 400;\">Proporcionarte el servicio solicitado.<\/span><\/li><li style=\"font-weight: 400;\" aria-level=\"1\"><span style=\"font-weight: 400;\">Mejorar nuestro sitio web y nuestros servicios.<\/span><\/li><li style=\"font-weight: 400;\" aria-level=\"1\"><span style=\"font-weight: 400;\">Enviarte informaci\u00f3n sobre actualizaciones, promociones y novedades.<\/span><\/li><\/ul><\/li><\/ul><ol start=\"4\"><li><h2>Cookies<br \/><span style=\"font-weight: 400; font-size: 16px;\">Nuestro sitio web utiliza cookies para mejorar la experiencia del usuario. Puedes ajustar la configuraci\u00f3n de tu navegador para rechazar cookies, aunque esto puede afectar tu capacidad para utilizar ciertas funciones de nuestro sitio web.<\/span><\/h2><\/li><\/ol><ol start=\"5\"><li><h2>Protecci\u00f3n de la informaci\u00f3n<br \/><span style=\"font-weight: 400; font-size: 16px;\">Implementamos medidas de seguridad para proteger tu informaci\u00f3n personal. Sin embargo, ning\u00fan m\u00e9todo de transmisi\u00f3n por Internet o almacenamiento electr\u00f3nico es 100% seguro.<\/span><\/h2><\/li><\/ol><ol start=\"6\"><li><h2>Cambios a esta pol\u00edtica<br \/><span style=\"font-weight: 400; font-size: 16px;\">Nos reservamos el derecho a modificar esta pol\u00edtica. Te notificaremos sobre cualquier cambio a trav\u00e9s de un aviso en nuestro sitio web.<\/span><\/h2><\/li><li><h2>Contacto<b style=\"font-size: 16px;\"><br \/><\/b><\/h2><span style=\"font-weight: 400;\">Si tienes preguntas sobre esta pol\u00edtica de privacidad, cont\u00e1ctanos a <a href=\"mailto:info@lasbrisasproperty.com\">info@lasbrisasproperty.com<\/a>.<\/span><\/li><\/ol>\t\t\t\t\t\t\t\t<\/div>\n\t\t\t\t<\/div>\n\t\t\t\t\t<\/div>\n\t\t<\/div>\n\t\t\t\t\t<\/div>\n\t\t<\/section>\n\t\t\t\t<\/div>","protected":false},"excerpt":{"rendered":"<p>Volver Introducci\u00f3nSu privacidad es importante para nosotros. Esta pol\u00edtica explica c\u00f3mo recogemos, utilizamos y protegemos su informaci\u00f3n personal cuando visita nuestro sitio web. Informaci\u00f3n que recopilamosRecopilamos la informaci\u00f3n personal que usted nos proporciona cuando se registra, se suscribe a nuestro bolet\u00edn de noticias o interact\u00faa con nuestro sitio web. Esto puede incluir su nombre, direcci\u00f3n de correo electr\u00f3nico y otros datos de contacto [...].<\/p>","protected":false},"author":1,"featured_media":0,"parent":0,"menu_order":0,"comment_status":"closed","ping_status":"closed","template":"elementor_header_footer","meta":{"footnotes":""},"class_list":["post-1800","page","type-page","status-publish","hentry"],"_links":{"self":[{"href":"https:\/\/bahiaurbanapuertorico.com\/es\/wp-json\/wp\/v2\/pages\/1800","targetHints":{"allow":["GET"]}}],"collection":[{"href":"https:\/\/bahiaurbanapuertorico.com\/es\/wp-json\/wp\/v2\/pages"}],"about":[{"href":"https:\/\/bahiaurbanapuertorico.com\/es\/wp-json\/wp\/v2\/types\/page"}],"author":[{"embeddable":true,"href":"https:\/\/bahiaurbanapuertorico.com\/es\/wp-json\/wp\/v2\/users\/1"}],"replies":[{"embeddable":true,"href":"https:\/\/bahiaurbanapuertorico.com\/es\/wp-json\/wp\/v2\/comments?post=1800"}],"version-history":[{"count":31,"href":"https:\/\/bahiaurbanapuertorico.com\/es\/wp-json\/wp\/v2\/pages\/1800\/revisions"}],"predecessor-version":[{"id":2422,"href":"https:\/\/bahiaurbanapuertorico.com\/es\/wp-json\/wp\/v2\/pages\/1800\/revisions\/2422"}],"wp:attachment":[{"href":"https:\/\/bahiaurbanapuertorico.com\/es\/wp-json\/wp\/v2\/media?parent=1800"}],"curies":[{"name":"wp","href":"https:\/\/api.w.org\/{rel}","templated":true}]}}