{"id":1784,"date":"2024-10-20T19:03:33","date_gmt":"2024-10-20T23:03:33","guid":{"rendered":"https:\/\/bahiaurbanapuertorico.com\/?page_id=1784"},"modified":"2024-10-21T22:46:05","modified_gmt":"2024-10-22T02:46:05","slug":"terms-of-use","status":"publish","type":"page","link":"https:\/\/bahiaurbanapuertorico.com\/es\/terms-of-use\/","title":{"rendered":"T\u00e9rminos de Uso"},"content":{"rendered":"<div data-elementor-type=\"wp-page\" data-elementor-id=\"1784\" class=\"elementor elementor-1784\" data-elementor-post-type=\"page\">\n\t\t\t\t\t\t<section class=\"elementor-section elementor-top-section elementor-element elementor-element-1df8799 elementor-section-height-min-height elementor-section-boxed elementor-section-height-default elementor-section-items-middle\" data-id=\"1df8799\" data-element_type=\"section\" data-settings=\"{&quot;background_background&quot;:&quot;classic&quot;}\">\n\t\t\t\t\t\t\t<div class=\"elementor-background-overlay\"><\/div>\n\t\t\t\t\t\t\t<div class=\"elementor-container elementor-column-gap-no\">\n\t\t\t\t\t<div class=\"elementor-column elementor-col-33 elementor-top-column elementor-element elementor-element-49d511d\" data-id=\"49d511d\" data-element_type=\"column\">\n\t\t\t<div class=\"elementor-widget-wrap elementor-element-populated\">\n\t\t\t\t\t\t<div class=\"elementor-element elementor-element-9ad4520 elementor-icon-list--layout-traditional elementor-list-item-link-full_width elementor-widget elementor-widget-icon-list\" data-id=\"9ad4520\" data-element_type=\"widget\" data-widget_type=\"icon-list.default\">\n\t\t\t\t<div class=\"elementor-widget-container\">\n\t\t\t\t\t\t\t<ul class=\"elementor-icon-list-items\">\n\t\t\t\t\t\t\t<li class=\"elementor-icon-list-item\">\n\t\t\t\t\t\t\t\t\t\t\t<a href=\"https:\/\/bahiaurbanapuertorico.com\/es\/home\/\">\n\n\t\t\t\t\t\t\t\t\t\t\t\t<span class=\"elementor-icon-list-icon\">\n\t\t\t\t\t\t\t<i aria-hidden=\"true\" class=\"fas fa-chevron-left\"><\/i>\t\t\t\t\t\t<\/span>\n\t\t\t\t\t\t\t\t\t\t<span class=\"elementor-icon-list-text\">Regresar<\/span>\n\t\t\t\t\t\t\t\t\t\t\t<\/a>\n\t\t\t\t\t\t\t\t\t<\/li>\n\t\t\t\t\t\t<\/ul>\n\t\t\t\t\t\t<\/div>\n\t\t\t\t<\/div>\n\t\t\t\t\t<\/div>\n\t\t<\/div>\n\t\t\t\t<div class=\"elementor-column elementor-col-33 elementor-top-column elementor-element elementor-element-21e47de\" data-id=\"21e47de\" data-element_type=\"column\">\n\t\t\t<div class=\"elementor-widget-wrap elementor-element-populated\">\n\t\t\t\t\t\t<div class=\"elementor-element elementor-element-fdcfd08 elementor-widget elementor-widget-heading\" data-id=\"fdcfd08\" data-element_type=\"widget\" data-widget_type=\"heading.default\">\n\t\t\t\t<div class=\"elementor-widget-container\">\n\t\t\t\t\t<h1 class=\"elementor-heading-title elementor-size-default\">T\u00e9rminos de Uso<\/h1>\t\t\t\t<\/div>\n\t\t\t\t<\/div>\n\t\t\t\t\t<\/div>\n\t\t<\/div>\n\t\t\t\t<div class=\"elementor-column elementor-col-33 elementor-top-column elementor-element elementor-element-93ca9c9\" data-id=\"93ca9c9\" data-element_type=\"column\">\n\t\t\t<div class=\"elementor-widget-wrap\">\n\t\t\t\t\t\t\t<\/div>\n\t\t<\/div>\n\t\t\t\t\t<\/div>\n\t\t<\/section>\n\t\t\t\t<section class=\"elementor-section elementor-top-section elementor-element elementor-element-f9c195f elementor-section-height-min-height elementor-section-items-top elementor-section-boxed elementor-section-height-default\" data-id=\"f9c195f\" data-element_type=\"section\" data-settings=\"{&quot;background_background&quot;:&quot;gradient&quot;}\">\n\t\t\t\t\t\t\t<div class=\"elementor-background-overlay\"><\/div>\n\t\t\t\t\t\t\t<div class=\"elementor-container elementor-column-gap-no\">\n\t\t\t\t\t<div class=\"elementor-column elementor-col-100 elementor-top-column elementor-element elementor-element-2906abc\" data-id=\"2906abc\" data-element_type=\"column\" data-settings=\"{&quot;background_background&quot;:&quot;classic&quot;}\">\n\t\t\t<div class=\"elementor-widget-wrap elementor-element-populated\">\n\t\t\t\t\t\t<div class=\"elementor-element elementor-element-9e3c6e9 elementor-widget elementor-widget-text-editor\" data-id=\"9e3c6e9\" data-element_type=\"widget\" data-widget_type=\"text-editor.default\">\n\t\t\t\t<div class=\"elementor-widget-container\">\n\t\t\t\t\t\t\t\t\t<ol><li><h2>Aceptaci\u00f3n de los t\u00e9rminos<\/h2>Al acceder y utilizar nuestro sitio web, aceptas cumplir con estos t\u00e9rminos de uso. Si no est\u00e1s de acuerdo, no utilices nuestro sitio web.<\/li><li><h2>Uso del sitio<\/h2>Eres responsable de mantener la confidencialidad de tus credenciales de acceso y de todas las actividades que ocurran bajo tu cuenta.<\/li><li><h2>Propiedad intelectual<\/h2>Todo el contenido de este sitio web, incluyendo texto, gr\u00e1ficos, logos y software, es propiedad de Las Brisas Property o de sus licenciantes y est\u00e1 protegido por las leyes de propiedad intelectual.<\/li><li><h2>Limitaci\u00f3n de responsabilidad<\/h2>Las Brisas Property no ser\u00e1 responsable de ning\u00fan da\u00f1o directo, indirecto, incidental o consecuente que resulte del uso o la imposibilidad de uso del sitio web.<\/li><li><h2>Modificaciones<\/h2>Nos reservamos el derecho a modificar estos t\u00e9rminos en cualquier momento. Cualquier cambio ser\u00e1 efectivo al publicarse en el sitio web.<\/li><li><h2>Ley aplicable<\/h2>Estos t\u00e9rminos se rigen por las leyes del Estado Libre Asociado de Puerto Rico.<\/li><li><h2>Contacto<\/h2>Para preguntas sobre estos t\u00e9rminos, <a href=\"mailto:info@lasbrisasproperty.com\">info@lasbrisasproperty.com<\/a>.<\/li><\/ol>\t\t\t\t\t\t\t\t<\/div>\n\t\t\t\t<\/div>\n\t\t\t\t\t<\/div>\n\t\t<\/div>\n\t\t\t\t\t<\/div>\n\t\t<\/section>\n\t\t\t\t<\/div>","protected":false},"excerpt":{"rendered":"<p>Volver Aceptaci\u00f3n de las condiciones Al acceder y utilizar nuestro sitio web, acepta cumplir estas condiciones de uso. Si no est\u00e1 de acuerdo, le rogamos que no utilice nuestro sitio web. Uso del sitio Usted es responsable de mantener la confidencialidad de las credenciales de su cuenta y de todas las actividades que ocurran bajo su cuenta. Intelectual [...]<\/p>","protected":false},"author":1,"featured_media":0,"parent":0,"menu_order":0,"comment_status":"closed","ping_status":"closed","template":"elementor_header_footer","meta":{"footnotes":""},"class_list":["post-1784","page","type-page","status-publish","hentry"],"_links":{"self":[{"href":"https:\/\/bahiaurbanapuertorico.com\/es\/wp-json\/wp\/v2\/pages\/1784","targetHints":{"allow":["GET"]}}],"collection":[{"href":"https:\/\/bahiaurbanapuertorico.com\/es\/wp-json\/wp\/v2\/pages"}],"about":[{"href":"https:\/\/bahiaurbanapuertorico.com\/es\/wp-json\/wp\/v2\/types\/page"}],"author":[{"embeddable":true,"href":"https:\/\/bahiaurbanapuertorico.com\/es\/wp-json\/wp\/v2\/users\/1"}],"replies":[{"embeddable":true,"href":"https:\/\/bahiaurbanapuertorico.com\/es\/wp-json\/wp\/v2\/comments?post=1784"}],"version-history":[{"count":34,"href":"https:\/\/bahiaurbanapuertorico.com\/es\/wp-json\/wp\/v2\/pages\/1784\/revisions"}],"predecessor-version":[{"id":2432,"href":"https:\/\/bahiaurbanapuertorico.com\/es\/wp-json\/wp\/v2\/pages\/1784\/revisions\/2432"}],"wp:attachment":[{"href":"https:\/\/bahiaurbanapuertorico.com\/es\/wp-json\/wp\/v2\/media?parent=1784"}],"curies":[{"name":"wp","href":"https:\/\/api.w.org\/{rel}","templated":true}]}}